{"id":282,"date":"2023-09-10T03:11:23","date_gmt":"2023-09-10T03:11:23","guid":{"rendered":"https:\/\/www.riviera-ac.com\/faq\/"},"modified":"2023-11-30T01:07:07","modified_gmt":"2023-11-30T01:07:07","slug":"faq","status":"publish","type":"page","link":"https:\/\/www.riviera-ac.com\/fr\/faq\/","title":{"rendered":"FAQ"},"content":{"rendered":"<p>[et_pb_section fb_built=\u00a0\u00bb1&Prime; admin_label=\u00a0\u00bbHeader\u00a0\u00bb _builder_version=\u00a0\u00bb4.22.1&Prime; _module_preset=\u00a0\u00bbdefault\u00a0\u00bb background_color=\u00a0\u00bb#f4f4f4&Prime; custom_padding=\u00a0\u00bb30px||30px||true|false\u00a0\u00bb global_module=\u00a0\u00bb226&Prime; saved_tabs=\u00a0\u00bball\u00a0\u00bb collapsed=\u00a0\u00bbon\u00a0\u00bb global_colors_info=\u00a0\u00bb{}\u00a0\u00bb][et_pb_row _builder_version=\u00a0\u00bb4.21.0&Prime; _module_preset=\u00a0\u00bbdefault\u00a0\u00bb global_colors_info=\u00a0\u00bb{}\u00a0\u00bb][et_pb_column type=\u00a0\u00bb4_4&Prime; _builder_version=\u00a0\u00bb4.21.0&Prime; _module_preset=\u00a0\u00bbdefault\u00a0\u00bb global_colors_info=\u00a0\u00bb{}\u00a0\u00bb][et_pb_post_title meta=\u00a0\u00bboff\u00a0\u00bb featured_image=\u00a0\u00bboff\u00a0\u00bb _builder_version=\u00a0\u00bb4.22.1&Prime; _module_preset=\u00a0\u00bbdefault\u00a0\u00bb title_font=\u00a0\u00bbFigtree|700|||||||\u00a0\u00bb title_text_color=\u00a0\u00bb#000000&Prime; title_font_size=\u00a0\u00bb50px\u00a0\u00bb title_font_size_tablet=\u00a0\u00bb\u00a0\u00bb title_font_size_phone=\u00a0\u00bb30px\u00a0\u00bb title_font_size_last_edited=\u00a0\u00bbon|tablet\u00a0\u00bb global_colors_info=\u00a0\u00bb{}\u00a0\u00bb][\/et_pb_post_title][\/et_pb_column][\/et_pb_row][\/et_pb_section][et_pb_section fb_built=\u00a0\u00bb1&Prime; _builder_version=\u00a0\u00bb4.22.1&Prime; _module_preset=\u00a0\u00bbdefault\u00a0\u00bb global_colors_info=\u00a0\u00bb{}\u00a0\u00bb][et_pb_row _builder_version=\u00a0\u00bb4.22.1&Prime; _module_preset=\u00a0\u00bbdefault\u00a0\u00bb global_colors_info=\u00a0\u00bb{}\u00a0\u00bb][et_pb_column type=\u00a0\u00bb4_4&Prime; _builder_version=\u00a0\u00bb4.22.1&Prime; _module_preset=\u00a0\u00bbdefault\u00a0\u00bb global_colors_info=\u00a0\u00bb{}\u00a0\u00bb][et_pb_text _builder_version=\u00a0\u00bb4.22.1&Prime; _module_preset=\u00a0\u00bbee2836d4-1cef-4cf9-b6db-69fb9b72d8ae\u00a0\u00bb header_2_font_size=\u00a0\u00bb50px\u00a0\u00bb custom_margin=\u00a0\u00bb||10px||false|false\u00a0\u00bb locked=\u00a0\u00bboff\u00a0\u00bb global_colors_info=\u00a0\u00bb{}\u00a0\u00bb]<\/p>\n<h2 style=\"text-align : center ;\">Questions fr\u00e9quemment pos\u00e9es<\/h2>\n<p>[\/et_pb_text][et_pb_text _builder_version=\u00a0\u00bb4.22.1&Prime; _module_preset=\u00a0\u00bbd9763b36-949c-4893-a675-5dc8d9d6b528&Prime; text_orientation=\u00a0\u00bbcenter\u00a0\u00bb custom_margin=\u00a0\u00bb||||false|false\u00a0\u00bb global_colors_info=\u00a0\u00bb{}\u00a0\u00bb]<\/p>\n<p>Nous comprenons que vous puissiez avoir des questions sur les syst\u00e8mes CVC et les installations de climatisation. C&rsquo;est pourquoi nous avons cr\u00e9\u00e9 une section FAQ compl\u00e8te pour r\u00e9pondre aux questions les plus courantes et fournir des informations utiles. Que vous ayez besoin de conseils pour r\u00e9soudre des probl\u00e8mes courants, comprendre le processus d&rsquo;achat d&rsquo;un syst\u00e8me de climatisation ou de conseils d&rsquo;entretien g\u00e9n\u00e9raux, nos FAQ sont l\u00e0 pour vous aider.<\/p>\n<p>[\/et_pb_text][et_pb_accordion open_toggle_text_color=\u00a0\u00bb#000000&Prime; open_toggle_background_color=\u00a0\u00bb#FFFFFF\u00a0\u00bb closed_toggle_background_color=\u00a0\u00bb#FFFFFF\u00a0\u00bb icon_color=\u00a0\u00bb#000000&Prime; use_icon_font_size=\u00a0\u00bbon\u00a0\u00bb _builder_version=\u00a0\u00bb4.22.1&Prime; _module_preset=\u00a0\u00bbdefault\u00a0\u00bb toggle_text_color=\u00a0\u00bb#000000&Prime; toggle_font=\u00a0\u00bbFigtree|700|||||||\u00a0\u00bb toggle_font_size=\u00a0\u00bb22px\u00a0\u00bb body_font=\u00a0\u00bbCabin||||||||\u00a0\u00bb body_font_size=\u00a0\u00bb16px\u00a0\u00bb border_width_all=\u00a0\u00bb2px\u00a0\u00bb border_color_all=\u00a0\u00bb#000000&Prime; global_colors_info=\u00a0\u00bb{}\u00a0\u00bb][et_pb_accordion_item title=\u00a0\u00bbCombien de temps dure g\u00e9n\u00e9ralement une installation de CVC ?\u00a0\u00bb open=\u00a0\u00bbon\u00a0\u00bb toggle_icon=\u00a0\u00bb&#x4c;||divi||400&Prime; _builder_version=\u00a0\u00bb4.22.1&Prime; _module_preset=\u00a0\u00bbdefault\u00a0\u00bb global_colors_info=\u00a0\u00bb{}\u00a0\u00bb]<\/p>\n<p>La dur\u00e9e d&rsquo;une installation HVAC peut varier en fonction de facteurs tels que la complexit\u00e9 du projet, la taille de la propri\u00e9t\u00e9 et les exigences sp\u00e9cifiques. Notre \u00e9quipe \u00e0 Riviera AC assure des installations efficaces, et le calendrier sera discut\u00e9 au cours de la phase de consultation, en tenant compte de vos circonstances uniques et de vos besoins.<\/p>\n<p>[\/et_pb_accordion_item][et_pb_accordion_item title=\u00a0\u00bbQuels sont les facteurs \u00e0 prendre en compte lors du choix d&#039;un nouveau syst\u00e8me de climatisation ?\u00a0\u00bb toggle_icon=\u00a0\u00bb&#x4c;||divi||400&Prime; _builder_version=\u00a0\u00bb4.22.1&Prime; _module_preset=\u00a0\u00bbdefault\u00a0\u00bb global_colors_info=\u00a0\u00bb{}\u00a0\u00bb open=\u00a0\u00bboff\u00a0\u00bb]<\/p>\n<p>Lors de la s\u00e9lection d&rsquo;un nouveau syst\u00e8me de climatisation, il est important de prendre en compte des facteurs tels que la taille et l&rsquo;agencement de votre espace, les indices d&rsquo;efficacit\u00e9 \u00e9nerg\u00e9tique, la capacit\u00e9 de refroidissement requise, les niveaux sonores, les exigences en mati\u00e8re d&rsquo;entretien et votre budget. Nos experts vous guideront tout au long du processus de prise de d\u00e9cision, en tenant compte de ces facteurs pour vous recommander le syst\u00e8me le mieux adapt\u00e9 \u00e0 vos besoins sp\u00e9cifiques.<\/p>\n<p>[\/et_pb_accordion_item][et_pb_accordion_item title=\u00a0\u00bbProposez-vous des options de financement pour les installations HVAC ?\u00a0\u00bb toggle_icon=\u00a0\u00bb&#x4c;||divi||400&Prime; _builder_version=\u00a0\u00bb4.22.1&Prime; _module_preset=\u00a0\u00bbdefault\u00a0\u00bb global_colors_info=\u00a0\u00bb{}\u00a0\u00bb open=\u00a0\u00bboff\u00a0\u00bb]<\/p>\n<p>Oui, \u00e0 Riviera AC, nous comprenons que les installations HVAC peuvent \u00eatre un investissement important. C&rsquo;est pourquoi nous proposons des options de financement flexibles afin de rendre votre installation plus abordable. Notre \u00e9quipe peut vous fournir des d\u00e9tails sur les plans de financement disponibles et vous aider \u00e0 choisir l&rsquo;option qui correspond le mieux \u00e0 votre budget.<\/p>\n<p>[\/et_pb_accordion_item][et_pb_accordion_item title=\u00a0\u00bbQuels types de syst\u00e8mes de climatisation \u00eates-vous sp\u00e9cialis\u00e9 dans l&#039;installation ?\u00a0\u00bb toggle_icon=\u00a0\u00bb&#x4c;||divi||400&Prime; _builder_version=\u00a0\u00bb4.22.1&Prime; _module_preset=\u00a0\u00bbdefault\u00a0\u00bb global_colors_info=\u00a0\u00bb{}\u00a0\u00bb open=\u00a0\u00bboff\u00a0\u00bb]<\/p>\n<p>Nous sommes sp\u00e9cialis\u00e9s dans l&rsquo;installation d&rsquo;une large gamme de syst\u00e8mes de climatisation, y compris les syst\u00e8mes de climatisation centrale, les syst\u00e8mes mini-split sans conduit, les pompes \u00e0 chaleur, etc. Nos experts ont une connaissance et une exp\u00e9rience approfondies des diff\u00e9rents types de syst\u00e8mes, ce qui nous permet de vous recommander l&rsquo;option la plus adapt\u00e9e \u00e0 vos besoins sp\u00e9cifiques.<\/p>\n<p>[\/et_pb_accordion_item][et_pb_accordion_item title=\u00a0\u00bbPouvez-vous fournir des r\u00e9f\u00e9rences ou des t\u00e9moignages sur des projets d&#039;installation de syst\u00e8mes de chauffage, de ventilation et de climatisation ant\u00e9rieurs ?\u00a0\u00bb toggle_icon=\u00a0\u00bb&#x4c;||divi||400&Prime; _builder_version=\u00a0\u00bb4.22.1&Prime; _module_preset=\u00a0\u00bbdefault\u00a0\u00bb global_colors_info=\u00a0\u00bb{}\u00a0\u00bb open=\u00a0\u00bboff\u00a0\u00bb]<\/p>\n<p>Absolument ! Nous sommes fiers de la qualit\u00e9 de notre travail et de la satisfaction de nos clients. Nous pouvons vous fournir des r\u00e9f\u00e9rences ou des t\u00e9moignages d&rsquo;anciens clients qui ont b\u00e9n\u00e9fici\u00e9 de nos services d&rsquo;installation de syst\u00e8mes de chauffage, de ventilation et de climatisation. Ces r\u00e9f\u00e9rences vous aideront \u00e0 vous faire une id\u00e9e de notre professionnalisme, de notre expertise et de notre engagement \u00e0 satisfaire nos clients.<\/p>\n<p>[\/et_pb_accordion_item][et_pb_accordion_item title=\u00a0\u00bbVos techniciens sont-ils certifi\u00e9s et exp\u00e9riment\u00e9s dans l&#039;installation de syst\u00e8mes de chauffage, de ventilation et de climatisation ?\u00a0\u00bb toggle_icon=\u00a0\u00bb&#x4c;||divi||400&Prime; _builder_version=\u00a0\u00bb4.22.1&Prime; _module_preset=\u00a0\u00bbdefault\u00a0\u00bb global_colors_info=\u00a0\u00bb{}\u00a0\u00bb open=\u00a0\u00bboff\u00a0\u00bb]<\/p>\n<p>Oui, chez Riviera AC, nos techniciens sont hautement qualifi\u00e9s, certifi\u00e9s et exp\u00e9riment\u00e9s dans les installations HVAC et AC. Ils se tiennent au courant des derni\u00e8res normes industrielles et des meilleures pratiques afin d&rsquo;assurer le plus haut niveau de savoir-faire et d&rsquo;expertise dans chaque projet d&rsquo;installation que nous entreprenons.<\/p>\n<p>[\/et_pb_accordion_item][et_pb_accordion_item title=\u00a0\u00bbQuelles sont les \u00e9tapes \u00e0 suivre pour pr\u00e9parer l&#039;installation d&#039;un syst\u00e8me de chauffage, de ventilation et de climatisation \u00e0 mon domicile ou dans mon entreprise ?\u00a0\u00bb toggle_icon=\u00a0\u00bb&#x4c;||divi||400&Prime; _builder_version=\u00a0\u00bb4.22.1&Prime; _module_preset=\u00a0\u00bbdefault\u00a0\u00bb global_colors_info=\u00a0\u00bb{}\u00a0\u00bb open=\u00a0\u00bboff\u00a0\u00bb]<\/p>\n<p>Avant de proc\u00e9der \u00e0 l&rsquo;installation du syst\u00e8me de chauffage, de ventilation et de climatisation, vous pouvez prendre quelques mesures pour que tout se passe bien. D\u00e9barrassez la zone d&rsquo;installation de tout obstacle, assurez un acc\u00e8s facile \u00e0 l&rsquo;espace et fournissez les informations n\u00e9cessaires sur votre syst\u00e8me \u00e9lectrique et l&rsquo;infrastructure existante. Notre \u00e9quipe vous guidera dans les \u00e9tapes de pr\u00e9paration sp\u00e9cifiques en fonction de vos besoins d&rsquo;installation.<\/p>\n<p>[\/et_pb_accordion_item][et_pb_accordion_item title=\u00a0\u00bbVos installations CVC sont-elles couvertes par des garanties ?\u00a0\u00bb toggle_icon=\u00a0\u00bb&#x4c;||divi||400&Prime; _builder_version=\u00a0\u00bb4.22.1&Prime; _module_preset=\u00a0\u00bbdefault\u00a0\u00bb global_colors_info=\u00a0\u00bb{}\u00a0\u00bb open=\u00a0\u00bboff\u00a0\u00bb]<\/p>\n<p>Oui, chez Riviera AC, nous nous portons garants de la qualit\u00e9 de nos installations. Nous offrons des garanties sur notre travail et pouvons vous fournir des informations sur les conditions de garantie sp\u00e9cifiques \u00e0 votre projet d&rsquo;installation HVAC. De plus, nous travaillons avec des fabricants r\u00e9put\u00e9s qui offrent des garanties sur leurs \u00e9quipements, assurant ainsi une couverture compl\u00e8te de votre syst\u00e8me.<\/p>\n<p>[\/et_pb_accordion_item][et_pb_accordion_item title=\u00a0\u00bbPouvez-vous m&#039;aider \u00e0 choisir la taille et la capacit\u00e9 du syst\u00e8me de climatisation adapt\u00e9 \u00e0 mon espace ?\u00a0\u00bb toggle_icon=\u00a0\u00bb&#x4c;||divi||400&Prime; _builder_version=\u00a0\u00bb4.22.1&Prime; _module_preset=\u00a0\u00bbdefault\u00a0\u00bb global_colors_info=\u00a0\u00bb{}\u00a0\u00bb open=\u00a0\u00bboff\u00a0\u00bb]<\/p>\n<p>Absolument ! Un dimensionnement et une capacit\u00e9 ad\u00e9quats sont essentiels pour un refroidissement efficace et un confort optimal. Nos experts proc\u00e9deront \u00e0 une \u00e9valuation approfondie de votre espace, en tenant compte de facteurs tels que la superficie, l&rsquo;isolation et les exigences particuli\u00e8res. Sur la base de cette \u00e9valuation, nous vous recommanderons la taille et la capacit\u00e9 id\u00e9ales du syst\u00e8me de climatisation pour garantir une performance de refroidissement efficace.<\/p>\n<p>[\/et_pb_accordion_item][et_pb_accordion_item title=\u00a0\u00bbQu&#039;est-ce qui diff\u00e9rencie Riviera AC des autres entreprises de HVAC et d&#039;installation de climatiseurs de la r\u00e9gion ?\u00a0\u00bb toggle_icon=\u00a0\u00bb&#x4c;||divi||400&Prime; _builder_version=\u00a0\u00bb4.22.1&Prime; _module_preset=\u00a0\u00bbdefault\u00a0\u00bb global_colors_info=\u00a0\u00bb{}\u00a0\u00bb toggle_font_size=\u00a0\u00bb21px\u00a0\u00bb open=\u00a0\u00bboff\u00a0\u00bb]<\/p>\n<p>Chez Riviera AC, nous sommes fiers d&rsquo;\u00eatre une entreprise de confiance dans le domaine du chauffage, de la ventilation et de l&rsquo;installation de climatiseurs dans la r\u00e9gion de Riviera. Ce qui nous distingue, c&rsquo;est notre engagement \u00e0 fournir un service exceptionnel, une expertise in\u00e9gal\u00e9e, une attention particuli\u00e8re aux d\u00e9tails et \u00e0 la satisfaction de nos clients. Nous donnons la priorit\u00e9 \u00e0 l&rsquo;efficacit\u00e9 \u00e9nerg\u00e9tique, \u00e0 la qualit\u00e9 de l&rsquo;air int\u00e9rieur et \u00e0 des solutions sur mesure pour r\u00e9pondre aux besoins uniques de chaque client. Avec notre couverture de service \u00e9tendue et nos techniciens fiables, nous nous effor\u00e7ons de fournir une exp\u00e9rience client exceptionnelle tout au long du processus d&rsquo;installation.<\/p>\n<p>[\/et_pb_accordion_item][\/et_pb_accordion][et_pb_button button_url=\u00a0\u00bbhttps:\/\/www.riviera-ac.com\/fr\/contactez-nous\/\u00a0\u00bb button_text=\u00a0\u00bbPosez une question\u00a0\u00bb button_alignment=\u00a0\u00bbcenter\u00a0\u00bb _builder_version=\u00a0\u00bb4.22.1&Prime; _module_preset=\u00a0\u00bb43bedb11-c2bc-42e3-bd9f-7348092eb2a3&Prime; locked=\u00a0\u00bboff\u00a0\u00bb global_colors_info=\u00a0\u00bb{}\u00a0\u00bb][\/et_pb_button][\/et_pb_column][\/et_pb_row][\/et_pb_section][et_pb_section fb_built=\u00a0\u00bb1&Prime; admin_label=\u00a0\u00bbFooter Call to Action\u00a0\u00bb _builder_version=\u00a0\u00bb4.22.1&Prime; _module_preset=\u00a0\u00bbdefault\u00a0\u00bb background_enable_color=\u00a0\u00bboff\u00a0\u00bb use_background_color_gradient=\u00a0\u00bbon\u00a0\u00bb background_color_gradient_stops=\u00a0\u00bbrgba(14,14,14,0.7) 0%|rgba(14,14,14,0.3) 100%\u00a0\u00bb background_color_gradient_overlays_image=\u00a0\u00bbon\u00a0\u00bb background_image=\u00a0\u00bbhttps:\/\/www.riviera-ac.com\/wp-content\/uploads\/2023\/09\/BG-image.jpeg\u00a0\u00bb custom_padding=\u00a0\u00bb5vw||5vw||true|false\u00a0\u00bb saved_tabs=\u00a0\u00bball\u00a0\u00bb collapsed=\u00a0\u00bbon\u00a0\u00bb global_colors_info=\u00a0\u00bb{}\u00a0\u00bb][et_pb_row _builder_version=\u00a0\u00bb4.21.0&Prime; _module_preset=\u00a0\u00bbdefault\u00a0\u00bb global_colors_info=\u00a0\u00bb{}\u00a0\u00bb][et_pb_column type=\u00a0\u00bb4_4&Prime; _builder_version=\u00a0\u00bb4.21.0&Prime; _module_preset=\u00a0\u00bbdefault\u00a0\u00bb global_colors_info=\u00a0\u00bb{}\u00a0\u00bb][et_pb_text _builder_version=\u00a0\u00bb4.22.1&Prime; _module_preset=\u00a0\u00bbee2836d4-1cef-4cf9-b6db-69fb9b72d8ae\u00a0\u00bb header_2_text_color=\u00a0\u00bb#FFFFFF\u00a0\u00bb text_orientation=\u00a0\u00bbcenter\u00a0\u00bb custom_margin=\u00a0\u00bb||20px||false|false\u00a0\u00bb global_colors_info=\u00a0\u00bb{}\u00a0\u00bb]<\/p>\n<h2>Demander un devis ou programmer un service<\/h2>\n<p>[\/et_pb_text][et_pb_text _builder_version=\u00a0\u00bb4.22.1&Prime; _module_preset=\u00a0\u00bbd9763b36-949c-4893-a675-5dc8d9d6b528&Prime; text_text_color=\u00a0\u00bb#FFFFFF\u00a0\u00bb text_orientation=\u00a0\u00bbcenter\u00a0\u00bb custom_margin=\u00a0\u00bb||||false|false\u00a0\u00bb global_colors_info=\u00a0\u00bb{}\u00a0\u00bb]<\/p>\n<p>Vous \u00eates pr\u00eat \u00e0 rendre vos espaces int\u00e9rieurs plus confortables et plus agr\u00e9ables ? Faites le premier pas en demandant un devis ou en programmant un service. Notre site web convivial vous permet de nous contacter facilement. Il vous suffit de cliquer sur le bouton \u00ab\u00a0Demander un devis\u00a0\u00bb ou \u00ab\u00a0Programmer un service\u00a0\u00bb, et l&rsquo;un de nos sympathiques repr\u00e9sentants vous contactera rapidement. Restez au frais, Nice ! Nous sommes l\u00e0 pour r\u00e9pondre \u00e0 vos besoins en mati\u00e8re de climatisation et assurer votre confort dans cette belle ville m\u00e9diterran\u00e9enne.<\/p>\n<p>[\/et_pb_text][et_pb_button button_url=\u00a0\u00bbhttps:\/\/www.riviera-ac.com\/fr\/contactez-nous\/\u00a0\u00bb button_text=\u00a0\u00bbConnectez-vous\u00a0\u00bb button_alignment=\u00a0\u00bbcenter\u00a0\u00bb _builder_version=\u00a0\u00bb4.22.1&Prime; _module_preset=\u00a0\u00bb43bedb11-c2bc-42e3-bd9f-7348092eb2a3&Prime; locked=\u00a0\u00bboff\u00a0\u00bb global_colors_info=\u00a0\u00bb{}\u00a0\u00bb][\/et_pb_button][\/et_pb_column][\/et_pb_row][\/et_pb_section]<\/p>\n","protected":false},"excerpt":{"rendered":"<p>Questions fr\u00e9quemment pos\u00e9esNous comprenons que vous puissiez avoir des questions sur les syst\u00e8mes CVC et les installations de climatisation. C&rsquo;est pourquoi nous avons cr\u00e9\u00e9 une section FAQ compl\u00e8te pour r\u00e9pondre aux questions les plus courantes et fournir des informations utiles. Que vous ayez besoin de conseils pour r\u00e9soudre des probl\u00e8mes courants, comprendre le processus d&rsquo;achat [&hellip;]<\/p>\n","protected":false},"author":2,"featured_media":0,"parent":0,"menu_order":0,"comment_status":"closed","ping_status":"closed","template":"","meta":{"_et_pb_use_builder":"on","_et_pb_old_content":"","_et_gb_content_width":"","footnotes":""},"class_list":["post-282","page","type-page","status-publish","hentry"],"yoast_head":"<!-- This site is optimized with the Yoast SEO plugin v27.5 - https:\/\/yoast.com\/product\/yoast-seo-wordpress\/ -->\n<title>Riviera AC : Questions fr\u00e9quemment pos\u00e9es (FAQ)<\/title>\n<meta name=\"description\" content=\"Trouvez les r\u00e9ponses \u00e0 vos questions gr\u00e2ce \u00e0 la FAQ compl\u00e8te de Riviera AC. D\u00e9couvrez nos services CVC, nos conseils d&#039;entretien et notre service client\u00e8le.\" \/>\n<meta name=\"robots\" content=\"index, follow, max-snippet:-1, max-image-preview:large, max-video-preview:-1\" \/>\n<link rel=\"canonical\" href=\"https:\/\/www.riviera-ac.com\/fr\/faq\/\" \/>\n<meta property=\"og:locale\" content=\"fr_FR\" \/>\n<meta property=\"og:type\" content=\"article\" \/>\n<meta property=\"og:title\" content=\"Riviera AC : Questions fr\u00e9quemment pos\u00e9es (FAQ)\" \/>\n<meta property=\"og:description\" content=\"Trouvez les r\u00e9ponses \u00e0 vos questions gr\u00e2ce \u00e0 la FAQ compl\u00e8te de Riviera AC. D\u00e9couvrez nos services CVC, nos conseils d&#039;entretien et notre service client\u00e8le.\" \/>\n<meta property=\"og:url\" content=\"https:\/\/www.riviera-ac.com\/fr\/faq\/\" \/>\n<meta property=\"og:site_name\" content=\"Riviera AC\" \/>\n<meta property=\"article:modified_time\" content=\"2023-11-30T01:07:07+00:00\" \/>\n<meta name=\"twitter:card\" content=\"summary_large_image\" \/>\n<meta name=\"twitter:label1\" content=\"Dur\u00e9e de lecture estim\u00e9e\" \/>\n\t<meta name=\"twitter:data1\" content=\"9 minutes\" \/>\n<script type=\"application\/ld+json\" class=\"yoast-schema-graph\">{\"@context\":\"https:\\\/\\\/schema.org\",\"@graph\":[{\"@type\":\"WebPage\",\"@id\":\"https:\\\/\\\/www.riviera-ac.com\\\/fr\\\/faq\\\/\",\"url\":\"https:\\\/\\\/www.riviera-ac.com\\\/fr\\\/faq\\\/\",\"name\":\"Riviera AC : Questions fr\u00e9quemment pos\u00e9es (FAQ)\",\"isPartOf\":{\"@id\":\"https:\\\/\\\/www.riviera-ac.com\\\/fr\\\/#website\"},\"datePublished\":\"2023-09-10T03:11:23+00:00\",\"dateModified\":\"2023-11-30T01:07:07+00:00\",\"description\":\"Trouvez les r\u00e9ponses \u00e0 vos questions gr\u00e2ce \u00e0 la FAQ compl\u00e8te de Riviera AC. D\u00e9couvrez nos services CVC, nos conseils d'entretien et notre service client\u00e8le.\",\"breadcrumb\":{\"@id\":\"https:\\\/\\\/www.riviera-ac.com\\\/fr\\\/faq\\\/#breadcrumb\"},\"inLanguage\":\"fr-FR\",\"potentialAction\":[{\"@type\":\"ReadAction\",\"target\":[\"https:\\\/\\\/www.riviera-ac.com\\\/fr\\\/faq\\\/\"]}]},{\"@type\":\"BreadcrumbList\",\"@id\":\"https:\\\/\\\/www.riviera-ac.com\\\/fr\\\/faq\\\/#breadcrumb\",\"itemListElement\":[{\"@type\":\"ListItem\",\"position\":1,\"name\":\"Home\",\"item\":\"https:\\\/\\\/www.riviera-ac.com\\\/fr\\\/\"},{\"@type\":\"ListItem\",\"position\":2,\"name\":\"FAQ\"}]},{\"@type\":\"WebSite\",\"@id\":\"https:\\\/\\\/www.riviera-ac.com\\\/fr\\\/#website\",\"url\":\"https:\\\/\\\/www.riviera-ac.com\\\/fr\\\/\",\"name\":\"Riviera AC\",\"description\":\"Air Conditioners Experts - French Riviera\",\"potentialAction\":[{\"@type\":\"SearchAction\",\"target\":{\"@type\":\"EntryPoint\",\"urlTemplate\":\"https:\\\/\\\/www.riviera-ac.com\\\/fr\\\/?s={search_term_string}\"},\"query-input\":{\"@type\":\"PropertyValueSpecification\",\"valueRequired\":true,\"valueName\":\"search_term_string\"}}],\"inLanguage\":\"fr-FR\"}]}<\/script>\n<!-- \/ Yoast SEO plugin. -->","yoast_head_json":{"title":"Riviera AC : Questions fr\u00e9quemment pos\u00e9es (FAQ)","description":"Trouvez les r\u00e9ponses \u00e0 vos questions gr\u00e2ce \u00e0 la FAQ compl\u00e8te de Riviera AC. D\u00e9couvrez nos services CVC, nos conseils d'entretien et notre service client\u00e8le.","robots":{"index":"index","follow":"follow","max-snippet":"max-snippet:-1","max-image-preview":"max-image-preview:large","max-video-preview":"max-video-preview:-1"},"canonical":"https:\/\/www.riviera-ac.com\/fr\/faq\/","og_locale":"fr_FR","og_type":"article","og_title":"Riviera AC : Questions fr\u00e9quemment pos\u00e9es (FAQ)","og_description":"Trouvez les r\u00e9ponses \u00e0 vos questions gr\u00e2ce \u00e0 la FAQ compl\u00e8te de Riviera AC. D\u00e9couvrez nos services CVC, nos conseils d'entretien et notre service client\u00e8le.","og_url":"https:\/\/www.riviera-ac.com\/fr\/faq\/","og_site_name":"Riviera AC","article_modified_time":"2023-11-30T01:07:07+00:00","twitter_card":"summary_large_image","twitter_misc":{"Dur\u00e9e de lecture estim\u00e9e":"9 minutes"},"schema":{"@context":"https:\/\/schema.org","@graph":[{"@type":"WebPage","@id":"https:\/\/www.riviera-ac.com\/fr\/faq\/","url":"https:\/\/www.riviera-ac.com\/fr\/faq\/","name":"Riviera AC : Questions fr\u00e9quemment pos\u00e9es (FAQ)","isPartOf":{"@id":"https:\/\/www.riviera-ac.com\/fr\/#website"},"datePublished":"2023-09-10T03:11:23+00:00","dateModified":"2023-11-30T01:07:07+00:00","description":"Trouvez les r\u00e9ponses \u00e0 vos questions gr\u00e2ce \u00e0 la FAQ compl\u00e8te de Riviera AC. D\u00e9couvrez nos services CVC, nos conseils d'entretien et notre service client\u00e8le.","breadcrumb":{"@id":"https:\/\/www.riviera-ac.com\/fr\/faq\/#breadcrumb"},"inLanguage":"fr-FR","potentialAction":[{"@type":"ReadAction","target":["https:\/\/www.riviera-ac.com\/fr\/faq\/"]}]},{"@type":"BreadcrumbList","@id":"https:\/\/www.riviera-ac.com\/fr\/faq\/#breadcrumb","itemListElement":[{"@type":"ListItem","position":1,"name":"Home","item":"https:\/\/www.riviera-ac.com\/fr\/"},{"@type":"ListItem","position":2,"name":"FAQ"}]},{"@type":"WebSite","@id":"https:\/\/www.riviera-ac.com\/fr\/#website","url":"https:\/\/www.riviera-ac.com\/fr\/","name":"Riviera AC","description":"Air Conditioners Experts - French Riviera","potentialAction":[{"@type":"SearchAction","target":{"@type":"EntryPoint","urlTemplate":"https:\/\/www.riviera-ac.com\/fr\/?s={search_term_string}"},"query-input":{"@type":"PropertyValueSpecification","valueRequired":true,"valueName":"search_term_string"}}],"inLanguage":"fr-FR"}]}},"_links":{"self":[{"href":"https:\/\/www.riviera-ac.com\/fr\/wp-json\/wp\/v2\/pages\/282","targetHints":{"allow":["GET"]}}],"collection":[{"href":"https:\/\/www.riviera-ac.com\/fr\/wp-json\/wp\/v2\/pages"}],"about":[{"href":"https:\/\/www.riviera-ac.com\/fr\/wp-json\/wp\/v2\/types\/page"}],"author":[{"embeddable":true,"href":"https:\/\/www.riviera-ac.com\/fr\/wp-json\/wp\/v2\/users\/2"}],"replies":[{"embeddable":true,"href":"https:\/\/www.riviera-ac.com\/fr\/wp-json\/wp\/v2\/comments?post=282"}],"version-history":[{"count":6,"href":"https:\/\/www.riviera-ac.com\/fr\/wp-json\/wp\/v2\/pages\/282\/revisions"}],"predecessor-version":[{"id":505,"href":"https:\/\/www.riviera-ac.com\/fr\/wp-json\/wp\/v2\/pages\/282\/revisions\/505"}],"wp:attachment":[{"href":"https:\/\/www.riviera-ac.com\/fr\/wp-json\/wp\/v2\/media?parent=282"}],"curies":[{"name":"wp","href":"https:\/\/api.w.org\/{rel}","templated":true}]}}