{"id":285,"date":"2023-09-10T03:32:44","date_gmt":"2023-09-10T03:32:44","guid":{"rendered":"https:\/\/www.riviera-ac.com\/politique-de-confidentialite\/"},"modified":"2023-11-30T01:08:01","modified_gmt":"2023-11-30T01:08:01","slug":"politique-de-confidentialite","status":"publish","type":"page","link":"https:\/\/www.riviera-ac.com\/fr\/politique-de-confidentialite\/","title":{"rendered":"Politique de confidentialit\u00e9"},"content":{"rendered":"<p>[et_pb_section fb_built=\u00a0\u00bb1&Prime; admin_label=\u00a0\u00bbHeader\u00a0\u00bb _builder_version=\u00a0\u00bb4.22.1&Prime; _module_preset=\u00a0\u00bbdefault\u00a0\u00bb background_color=\u00a0\u00bb#f4f4f4&Prime; custom_padding=\u00a0\u00bb30px||30px||true|false\u00a0\u00bb saved_tabs=\u00a0\u00bball\u00a0\u00bb collapsed=\u00a0\u00bbon\u00a0\u00bb global_colors_info=\u00a0\u00bb{}\u00a0\u00bb][et_pb_row _builder_version=\u00a0\u00bb4.21.0&Prime; _module_preset=\u00a0\u00bbdefault\u00a0\u00bb global_colors_info=\u00a0\u00bb{}\u00a0\u00bb][et_pb_column type=\u00a0\u00bb4_4&Prime; _builder_version=\u00a0\u00bb4.21.0&Prime; _module_preset=\u00a0\u00bbdefault\u00a0\u00bb global_colors_info=\u00a0\u00bb{}\u00a0\u00bb][et_pb_post_title meta=\u00a0\u00bboff\u00a0\u00bb featured_image=\u00a0\u00bboff\u00a0\u00bb _builder_version=\u00a0\u00bb4.22.1&Prime; _module_preset=\u00a0\u00bbdefault\u00a0\u00bb title_font=\u00a0\u00bbFigtree|700|||||||\u00a0\u00bb title_text_color=\u00a0\u00bb#000000&Prime; title_font_size=\u00a0\u00bb50px\u00a0\u00bb title_font_size_tablet=\u00a0\u00bb50px\u00a0\u00bb title_font_size_phone=\u00a0\u00bb30px\u00a0\u00bb title_font_size_last_edited=\u00a0\u00bbon|phone\u00a0\u00bb global_colors_info=\u00a0\u00bb{}\u00a0\u00bb][\/et_pb_post_title][\/et_pb_column][\/et_pb_row][\/et_pb_section][et_pb_section fb_built=\u00a0\u00bb1&Prime; _builder_version=\u00a0\u00bb4.22.1&Prime; _module_preset=\u00a0\u00bbdefault\u00a0\u00bb global_colors_info=\u00a0\u00bb{}\u00a0\u00bb][et_pb_row _builder_version=\u00a0\u00bb4.22.1&Prime; _module_preset=\u00a0\u00bbdefault\u00a0\u00bb global_colors_info=\u00a0\u00bb{}\u00a0\u00bb][et_pb_column type=\u00a0\u00bb4_4&Prime; _builder_version=\u00a0\u00bb4.22.1&Prime; _module_preset=\u00a0\u00bbdefault\u00a0\u00bb global_colors_info=\u00a0\u00bb{}\u00a0\u00bb][et_pb_text _builder_version=\u00a0\u00bb4.22.1&Prime; _module_preset=\u00a0\u00bbd9763b36-949c-4893-a675-5dc8d9d6b528&Prime; text_text_color=\u00a0\u00bb#000000&Prime; header_font=\u00a0\u00bbFigtree|700|||||||\u00a0\u00bb header_2_font=\u00a0\u00bbFigtree|700|||||||\u00a0\u00bb header_3_font=\u00a0\u00bbFigtree|700|||||||\u00a0\u00bb header_4_font=\u00a0\u00bbFigtree|700|||||||\u00a0\u00bb header_5_font=\u00a0\u00bbFigtree|700|||||||\u00a0\u00bb header_6_font=\u00a0\u00bbFigtree|700|||||||\u00a0\u00bb global_colors_info=\u00a0\u00bb{}\u00a0\u00bb]<\/p>\n<p>Date d&rsquo;entr\u00e9e en vigueur : 26 juillet 2023<\/p>\n<p>Riviera AC (\u00ab\u00a0Soci\u00e9t\u00e9\u00a0\u00bb) s&rsquo;engage \u00e0 prot\u00e9ger la vie priv\u00e9e de ses utilisateurs. Cette politique de confidentialit\u00e9 explique comment la Soci\u00e9t\u00e9 recueille, utilise et divulgue des informations vous concernant lorsque vous acc\u00e9dez ou utilisez le site Web de la Soci\u00e9t\u00e9, situ\u00e9 \u00e0 riviera-ac.com, et tous les services connexes (collectivement, les \u00ab\u00a0Services\u00a0\u00bb). En acc\u00e9dant ou en utilisant les Services, vous consentez \u00e0 la collecte, \u00e0 l&rsquo;utilisation et \u00e0 la divulgation de vos informations conform\u00e9ment \u00e0 la pr\u00e9sente Politique de confidentialit\u00e9.<\/p>\n<p>Informations que nous recueillons<\/p>\n<p>1.1 Informations personnelles<br \/>Nous pouvons recueillir des informations personnelles vous concernant, telles que votre nom, votre adresse \u00e9lectronique et votre num\u00e9ro de t\u00e9l\u00e9phone, lorsque vous vous inscrivez pour ouvrir un compte ou que vous nous les fournissez d&rsquo;une autre mani\u00e8re.<\/p>\n<p>1.2 Informations relatives \u00e0 l&rsquo;utilisation<br \/>Nous pouvons \u00e9galement recueillir des informations sur votre utilisation des services, telles que votre adresse IP, votre type de navigateur et votre syst\u00e8me d&rsquo;exploitation.<\/p>\n<p>Utilisation des informations<br \/>2.1 Informations personnelles<br \/>Nous pouvons utiliser vos informations personnelles pour<\/p>\n<p>Fournir et am\u00e9liorer les services ;<br \/>Communiquer avec vous au sujet des services ;<br \/>R\u00e9pondre \u00e0 vos demandes et requ\u00eates ;<br \/>vous envoyer des communications marketing.<br \/>2.2 Informations relatives \u00e0 l&rsquo;utilisation<br \/>Nous pouvons utiliser les informations d&rsquo;utilisation pour :<\/p>\n<p>Surveiller et analyser les tendances et l&rsquo;utilisation des services ;<br \/>am\u00e9liorer les services et d\u00e9velopper de nouvelles fonctionnalit\u00e9s.<br \/>3. Divulgation d&rsquo;informations<br \/>Nous pouvons divulguer vos informations \u00e0 des tiers dans les circonstances suivantes :<\/p>\n<p>Avec votre consentement ;<br \/>Pour se conformer aux lois ou r\u00e9glementations applicables ;<br \/>pour prot\u00e9ger les droits, la propri\u00e9t\u00e9 ou la s\u00e9curit\u00e9 de l&rsquo;entreprise ou d&rsquo;autres personnes.<br \/>4. S\u00e9curit\u00e9<br \/>Nous prenons des mesures raisonnables pour prot\u00e9ger vos informations contre tout acc\u00e8s, utilisation ou divulgation non autoris\u00e9s. Toutefois, aucune m\u00e9thode de transmission sur l&rsquo;internet ou de stockage \u00e9lectronique n&rsquo;est totalement s\u00fbre et nous ne pouvons garantir une s\u00e9curit\u00e9 absolue.<\/p>\n<p>5. Liens vers des tiers<br \/>Les services peuvent contenir des liens vers des sites web ou des services de tiers qui ne sont pas d\u00e9tenus ou contr\u00f4l\u00e9s par la soci\u00e9t\u00e9. Nous ne sommes pas responsables des pratiques de confidentialit\u00e9 ou du contenu de ces sites ou services tiers.<\/p>\n<p>6. Modifications de la politique de confidentialit\u00e9<br \/>La soci\u00e9t\u00e9 se r\u00e9serve le droit de modifier ou de mettre \u00e0 jour la pr\u00e9sente politique de confidentialit\u00e9 \u00e0 tout moment et sans pr\u00e9avis. Toute modification de la pr\u00e9sente politique de confidentialit\u00e9 entrera en vigueur d\u00e8s la publication de la politique de confidentialit\u00e9 r\u00e9vis\u00e9e sur le site web de la soci\u00e9t\u00e9. En continuant \u00e0 utiliser les services apr\u00e8s la publication des modifications, vous acceptez ces derni\u00e8res.<\/p>\n<p>Si vous avez des questions ou des pr\u00e9occupations concernant la pr\u00e9sente politique de confidentialit\u00e9, veuillez nous contacter \u00e0 l&rsquo;adresse suivante : contact@riviera-ac.com.<\/p>\n<p>[\/et_pb_text][\/et_pb_column][\/et_pb_row][\/et_pb_section]<\/p>\n","protected":false},"excerpt":{"rendered":"<p>Date d&rsquo;entr\u00e9e en vigueur : 26 juillet 2023 Riviera AC (\u00ab\u00a0Soci\u00e9t\u00e9\u00a0\u00bb) s&rsquo;engage \u00e0 prot\u00e9ger la vie priv\u00e9e de ses utilisateurs. Cette politique de confidentialit\u00e9 explique comment la Soci\u00e9t\u00e9 recueille, utilise et divulgue des informations vous concernant lorsque vous acc\u00e9dez ou utilisez le site Web de la Soci\u00e9t\u00e9, situ\u00e9 \u00e0 riviera-ac.com, et tous les services connexes [&hellip;]<\/p>\n","protected":false},"author":2,"featured_media":0,"parent":0,"menu_order":0,"comment_status":"closed","ping_status":"closed","template":"","meta":{"_et_pb_use_builder":"on","_et_pb_old_content":"","_et_gb_content_width":"","footnotes":""},"class_list":["post-285","page","type-page","status-publish","hentry"],"yoast_head":"<!-- This site is optimized with the Yoast SEO plugin v27.5 - https:\/\/yoast.com\/product\/yoast-seo-wordpress\/ -->\n<title>Riviera AC : Politique de confidentialit\u00e9<\/title>\n<meta name=\"description\" content=\"La politique de confidentialit\u00e9 de Riviera AC garantit la protection de vos donn\u00e9es. D\u00e9couvrez nos pratiques en mati\u00e8re de traitement des donn\u00e9es et notre engagement \u00e0 respecter votre vie priv\u00e9e.\" \/>\n<meta name=\"robots\" content=\"index, follow, max-snippet:-1, max-image-preview:large, max-video-preview:-1\" \/>\n<link rel=\"canonical\" href=\"https:\/\/www.riviera-ac.com\/fr\/politique-de-confidentialite\/\" \/>\n<meta property=\"og:locale\" content=\"fr_FR\" \/>\n<meta property=\"og:type\" content=\"article\" \/>\n<meta property=\"og:title\" content=\"Riviera AC : Politique de confidentialit\u00e9\" \/>\n<meta property=\"og:description\" content=\"La politique de confidentialit\u00e9 de Riviera AC garantit la protection de vos donn\u00e9es. D\u00e9couvrez nos pratiques en mati\u00e8re de traitement des donn\u00e9es et notre engagement \u00e0 respecter votre vie priv\u00e9e.\" \/>\n<meta property=\"og:url\" content=\"https:\/\/www.riviera-ac.com\/fr\/politique-de-confidentialite\/\" \/>\n<meta property=\"og:site_name\" content=\"Riviera AC\" \/>\n<meta property=\"article:modified_time\" content=\"2023-11-30T01:08:01+00:00\" \/>\n<meta name=\"twitter:card\" content=\"summary_large_image\" \/>\n<meta name=\"twitter:label1\" content=\"Dur\u00e9e de lecture estim\u00e9e\" \/>\n\t<meta name=\"twitter:data1\" content=\"3 minutes\" \/>\n<script type=\"application\/ld+json\" class=\"yoast-schema-graph\">{\"@context\":\"https:\\\/\\\/schema.org\",\"@graph\":[{\"@type\":\"WebPage\",\"@id\":\"https:\\\/\\\/www.riviera-ac.com\\\/fr\\\/politique-de-confidentialite\\\/\",\"url\":\"https:\\\/\\\/www.riviera-ac.com\\\/fr\\\/politique-de-confidentialite\\\/\",\"name\":\"Riviera AC : Politique de confidentialit\u00e9\",\"isPartOf\":{\"@id\":\"https:\\\/\\\/www.riviera-ac.com\\\/fr\\\/#website\"},\"datePublished\":\"2023-09-10T03:32:44+00:00\",\"dateModified\":\"2023-11-30T01:08:01+00:00\",\"description\":\"La politique de confidentialit\u00e9 de Riviera AC garantit la protection de vos donn\u00e9es. D\u00e9couvrez nos pratiques en mati\u00e8re de traitement des donn\u00e9es et notre engagement \u00e0 respecter votre vie priv\u00e9e.\",\"breadcrumb\":{\"@id\":\"https:\\\/\\\/www.riviera-ac.com\\\/fr\\\/politique-de-confidentialite\\\/#breadcrumb\"},\"inLanguage\":\"fr-FR\",\"potentialAction\":[{\"@type\":\"ReadAction\",\"target\":[\"https:\\\/\\\/www.riviera-ac.com\\\/fr\\\/politique-de-confidentialite\\\/\"]}]},{\"@type\":\"BreadcrumbList\",\"@id\":\"https:\\\/\\\/www.riviera-ac.com\\\/fr\\\/politique-de-confidentialite\\\/#breadcrumb\",\"itemListElement\":[{\"@type\":\"ListItem\",\"position\":1,\"name\":\"Home\",\"item\":\"https:\\\/\\\/www.riviera-ac.com\\\/fr\\\/\"},{\"@type\":\"ListItem\",\"position\":2,\"name\":\"Politique de confidentialit\u00e9\"}]},{\"@type\":\"WebSite\",\"@id\":\"https:\\\/\\\/www.riviera-ac.com\\\/fr\\\/#website\",\"url\":\"https:\\\/\\\/www.riviera-ac.com\\\/fr\\\/\",\"name\":\"Riviera AC\",\"description\":\"Air Conditioners Experts - French Riviera\",\"potentialAction\":[{\"@type\":\"SearchAction\",\"target\":{\"@type\":\"EntryPoint\",\"urlTemplate\":\"https:\\\/\\\/www.riviera-ac.com\\\/fr\\\/?s={search_term_string}\"},\"query-input\":{\"@type\":\"PropertyValueSpecification\",\"valueRequired\":true,\"valueName\":\"search_term_string\"}}],\"inLanguage\":\"fr-FR\"}]}<\/script>\n<!-- \/ Yoast SEO plugin. -->","yoast_head_json":{"title":"Riviera AC : Politique de confidentialit\u00e9","description":"La politique de confidentialit\u00e9 de Riviera AC garantit la protection de vos donn\u00e9es. D\u00e9couvrez nos pratiques en mati\u00e8re de traitement des donn\u00e9es et notre engagement \u00e0 respecter votre vie priv\u00e9e.","robots":{"index":"index","follow":"follow","max-snippet":"max-snippet:-1","max-image-preview":"max-image-preview:large","max-video-preview":"max-video-preview:-1"},"canonical":"https:\/\/www.riviera-ac.com\/fr\/politique-de-confidentialite\/","og_locale":"fr_FR","og_type":"article","og_title":"Riviera AC : Politique de confidentialit\u00e9","og_description":"La politique de confidentialit\u00e9 de Riviera AC garantit la protection de vos donn\u00e9es. D\u00e9couvrez nos pratiques en mati\u00e8re de traitement des donn\u00e9es et notre engagement \u00e0 respecter votre vie priv\u00e9e.","og_url":"https:\/\/www.riviera-ac.com\/fr\/politique-de-confidentialite\/","og_site_name":"Riviera AC","article_modified_time":"2023-11-30T01:08:01+00:00","twitter_card":"summary_large_image","twitter_misc":{"Dur\u00e9e de lecture estim\u00e9e":"3 minutes"},"schema":{"@context":"https:\/\/schema.org","@graph":[{"@type":"WebPage","@id":"https:\/\/www.riviera-ac.com\/fr\/politique-de-confidentialite\/","url":"https:\/\/www.riviera-ac.com\/fr\/politique-de-confidentialite\/","name":"Riviera AC : Politique de confidentialit\u00e9","isPartOf":{"@id":"https:\/\/www.riviera-ac.com\/fr\/#website"},"datePublished":"2023-09-10T03:32:44+00:00","dateModified":"2023-11-30T01:08:01+00:00","description":"La politique de confidentialit\u00e9 de Riviera AC garantit la protection de vos donn\u00e9es. D\u00e9couvrez nos pratiques en mati\u00e8re de traitement des donn\u00e9es et notre engagement \u00e0 respecter votre vie priv\u00e9e.","breadcrumb":{"@id":"https:\/\/www.riviera-ac.com\/fr\/politique-de-confidentialite\/#breadcrumb"},"inLanguage":"fr-FR","potentialAction":[{"@type":"ReadAction","target":["https:\/\/www.riviera-ac.com\/fr\/politique-de-confidentialite\/"]}]},{"@type":"BreadcrumbList","@id":"https:\/\/www.riviera-ac.com\/fr\/politique-de-confidentialite\/#breadcrumb","itemListElement":[{"@type":"ListItem","position":1,"name":"Home","item":"https:\/\/www.riviera-ac.com\/fr\/"},{"@type":"ListItem","position":2,"name":"Politique de confidentialit\u00e9"}]},{"@type":"WebSite","@id":"https:\/\/www.riviera-ac.com\/fr\/#website","url":"https:\/\/www.riviera-ac.com\/fr\/","name":"Riviera AC","description":"Air Conditioners Experts - French Riviera","potentialAction":[{"@type":"SearchAction","target":{"@type":"EntryPoint","urlTemplate":"https:\/\/www.riviera-ac.com\/fr\/?s={search_term_string}"},"query-input":{"@type":"PropertyValueSpecification","valueRequired":true,"valueName":"search_term_string"}}],"inLanguage":"fr-FR"}]}},"_links":{"self":[{"href":"https:\/\/www.riviera-ac.com\/fr\/wp-json\/wp\/v2\/pages\/285","targetHints":{"allow":["GET"]}}],"collection":[{"href":"https:\/\/www.riviera-ac.com\/fr\/wp-json\/wp\/v2\/pages"}],"about":[{"href":"https:\/\/www.riviera-ac.com\/fr\/wp-json\/wp\/v2\/types\/page"}],"author":[{"embeddable":true,"href":"https:\/\/www.riviera-ac.com\/fr\/wp-json\/wp\/v2\/users\/2"}],"replies":[{"embeddable":true,"href":"https:\/\/www.riviera-ac.com\/fr\/wp-json\/wp\/v2\/comments?post=285"}],"version-history":[{"count":6,"href":"https:\/\/www.riviera-ac.com\/fr\/wp-json\/wp\/v2\/pages\/285\/revisions"}],"predecessor-version":[{"id":507,"href":"https:\/\/www.riviera-ac.com\/fr\/wp-json\/wp\/v2\/pages\/285\/revisions\/507"}],"wp:attachment":[{"href":"https:\/\/www.riviera-ac.com\/fr\/wp-json\/wp\/v2\/media?parent=285"}],"curies":[{"name":"wp","href":"https:\/\/api.w.org\/{rel}","templated":true}]}}