{"id":479,"date":"2023-09-28T01:23:02","date_gmt":"2023-09-28T01:23:02","guid":{"rendered":"https:\/\/www.riviera-ac.com\/entrepreneur-en-cvc\/entrepreneur-hvac-a-saint-tropez\/"},"modified":"2023-11-29T02:26:51","modified_gmt":"2023-11-29T02:26:51","slug":"entrepreneur-hvac-a-saint-tropez","status":"publish","type":"page","link":"https:\/\/www.riviera-ac.com\/fr\/entrepreneur-en-cvc\/entrepreneur-hvac-a-saint-tropez\/","title":{"rendered":"Entrepreneur HVAC \u00e0 Saint Tropez"},"content":{"rendered":"<p>[et_pb_section fb_built=\u00a0\u00bb1&Prime; admin_label=\u00a0\u00bbHeader\u00a0\u00bb _builder_version=\u00a0\u00bb4.22.1&Prime; _module_preset=\u00a0\u00bbdefault\u00a0\u00bb background_color=\u00a0\u00bb#f4f4f4&Prime; custom_padding=\u00a0\u00bb30px||30px||true|false\u00a0\u00bb global_module=\u00a0\u00bb226&Prime; saved_tabs=\u00a0\u00bball\u00a0\u00bb collapsed=\u00a0\u00bbon\u00a0\u00bb global_colors_info=\u00a0\u00bb{}\u00a0\u00bb][et_pb_row _builder_version=\u00a0\u00bb4.21.0&Prime; _module_preset=\u00a0\u00bbdefault\u00a0\u00bb global_colors_info=\u00a0\u00bb{}\u00a0\u00bb][et_pb_column type=\u00a0\u00bb4_4&Prime; _builder_version=\u00a0\u00bb4.21.0&Prime; _module_preset=\u00a0\u00bbdefault\u00a0\u00bb global_colors_info=\u00a0\u00bb{}\u00a0\u00bb][et_pb_post_title meta=\u00a0\u00bboff\u00a0\u00bb featured_image=\u00a0\u00bboff\u00a0\u00bb _builder_version=\u00a0\u00bb4.22.1&Prime; _module_preset=\u00a0\u00bbdefault\u00a0\u00bb title_font=\u00a0\u00bbFigtree|700|||||||\u00a0\u00bb title_text_color=\u00a0\u00bb#000000&Prime; title_font_size=\u00a0\u00bb50px\u00a0\u00bb title_font_size_tablet=\u00a0\u00bb\u00a0\u00bb title_font_size_phone=\u00a0\u00bb30px\u00a0\u00bb title_font_size_last_edited=\u00a0\u00bbon|tablet\u00a0\u00bb global_colors_info=\u00a0\u00bb{}\u00a0\u00bb][\/et_pb_post_title][\/et_pb_column][\/et_pb_row][\/et_pb_section][et_pb_section fb_built=\u00a0\u00bb1&Prime; admin_label=\u00a0\u00bbAbout\u00a0\u00bb _builder_version=\u00a0\u00bb4.22.2&Prime; _module_preset=\u00a0\u00bbdefault\u00a0\u00bb custom_margin=\u00a0\u00bb||0px||false|false\u00a0\u00bb custom_padding=\u00a0\u00bb||0px||false|false\u00a0\u00bb collapsed=\u00a0\u00bbon\u00a0\u00bb global_colors_info=\u00a0\u00bb{}\u00a0\u00bb][et_pb_row _builder_version=\u00a0\u00bb4.22.2&Prime; _module_preset=\u00a0\u00bbdefault\u00a0\u00bb custom_margin=\u00a0\u00bb|auto|0px|auto|false|false\u00a0\u00bb global_colors_info=\u00a0\u00bb{}\u00a0\u00bb][et_pb_column type=\u00a0\u00bb4_4&Prime; _builder_version=\u00a0\u00bb4.21.0&Prime; _module_preset=\u00a0\u00bbdefault\u00a0\u00bb global_colors_info=\u00a0\u00bb{}\u00a0\u00bb][et_pb_text _builder_version=\u00a0\u00bb4.22.2&Prime; _module_preset=\u00a0\u00bb6e1425d3-7abd-431a-b7c4-bc58600bddde\u00a0\u00bb header_2_text_align=\u00a0\u00bbcenter\u00a0\u00bb header_2_font_size=\u00a0\u00bb50px\u00a0\u00bb custom_margin=\u00a0\u00bb||0px||false|false\u00a0\u00bb global_colors_info=\u00a0\u00bb{}\u00a0\u00bb]<\/p>\n<h2>Bienvenue \u00e0 Riviera AC : votre partenaire de confiance en mati\u00e8re de chauffage, ventilation et climatisation \u00e0 Saint Tropez<\/h2>\n<p>[\/et_pb_text][et_pb_text _builder_version=\u00a0\u00bb4.22.2&Prime; _module_preset=\u00a0\u00bbc77ea102-d56f-4ab1-99d0-890ad5215541&Prime; text_font_size=\u00a0\u00bb18px\u00a0\u00bb text_orientation=\u00a0\u00bbcenter\u00a0\u00bb global_colors_info=\u00a0\u00bb{}\u00a0\u00bb]<\/p>\n<h2>D\u00e9couvrez Saint Tropez : L\u00e0 o\u00f9 le luxe rencontre le confort climatique<\/h2>\n<p>Nich\u00e9e sur les rivages \u00e9tincelants de la C\u00f4te d&rsquo;Azur, Saint-Tropez est un m\u00e9lange de glamour, de sophistication et de beaut\u00e9 naturelle. Le charme m\u00e9diterran\u00e9en de cette destination exquise s&rsquo;accompagne d&rsquo;un climat unique caract\u00e9ris\u00e9 par des \u00e9t\u00e9s chauds et ensoleill\u00e9s et des hivers doux. Alors que les r\u00e9sidents et les visiteurs se pr\u00e9lassent dans l&rsquo;ambiance m\u00e9diterran\u00e9enne, l&rsquo;importance d&rsquo;une climatisation efficace devient \u00e9vidente pour maintenir le confort et la d\u00e9tente.<\/p>\n<p>[\/et_pb_text][et_pb_button button_url=\u00a0\u00bbhttps:\/\/www.riviera-ac.com\/fr\/contactez-nous\/\u00a0\u00bb button_text=\u00a0\u00bbContactez nous\u00a0\u00bb button_alignment=\u00a0\u00bbcenter\u00a0\u00bb _builder_version=\u00a0\u00bb4.22.1&Prime; _module_preset=\u00a0\u00bb43bedb11-c2bc-42e3-bd9f-7348092eb2a3&Prime; global_colors_info=\u00a0\u00bb{}\u00a0\u00bb][\/et_pb_button][et_pb_text _builder_version=\u00a0\u00bb4.22.2&Prime; _module_preset=\u00a0\u00bb6e1425d3-7abd-431a-b7c4-bc58600bddde\u00a0\u00bb header_2_text_align=\u00a0\u00bbcenter\u00a0\u00bb header_2_font_size=\u00a0\u00bb50px\u00a0\u00bb custom_margin=\u00a0\u00bb||0px||false|false\u00a0\u00bb global_colors_info=\u00a0\u00bb{}\u00a0\u00bb]<\/p>\n<h2>Pourquoi choisir Riviera AC pour vos besoins en CVC \u00e0 Saint-Tropez ?[\/et_pb_text][\/et_pb_column][\/et_pb_row][\/et_pb_section][et_pb_section fb_built=\u00a0\u00bb1&Prime; admin_label=\u00a0\u00bbTop Categories\u00a0\u00bb _builder_version=\u00a0\u00bb4.22.2&Prime; _module_preset=\u00a0\u00bbdefault\u00a0\u00bb background_enable_color=\u00a0\u00bboff\u00a0\u00bb overflow-x=\u00a0\u00bbhidden\u00a0\u00bb overflow-y=\u00a0\u00bbhidden\u00a0\u00bb custom_padding=\u00a0\u00bb0px||0px||true|false\u00a0\u00bb collapsed=\u00a0\u00bbon\u00a0\u00bb global_colors_info=\u00a0\u00bb{}\u00a0\u00bb][et_pb_row column_structure=\u00a0\u00bb1_2,1_2&Prime; make_equal=\u00a0\u00bbon\u00a0\u00bb _builder_version=\u00a0\u00bb4.22.2&Prime; _module_preset=\u00a0\u00bbdefault\u00a0\u00bb global_colors_info=\u00a0\u00bb{}\u00a0\u00bb][et_pb_column type=\u00a0\u00bb1_2&Prime; _builder_version=\u00a0\u00bb4.22.2&Prime; _module_preset=\u00a0\u00bbdefault\u00a0\u00bb background_image=\u00a0\u00bbhttps:\/\/www.riviera-ac.com\/wp-content\/uploads\/2023\/09\/aircon-expert-1.jpeg\u00a0\u00bb overflow-x=\u00a0\u00bbvisible\u00a0\u00bb overflow-y=\u00a0\u00bbvisible\u00a0\u00bb custom_padding=\u00a0\u00bb300px|40px|20px|20px|false|false\u00a0\u00bb border_radii=\u00a0\u00bbon|30px|30px|30px|30px\u00a0\u00bb global_colors_info=\u00a0\u00bb{}\u00a0\u00bb][et_pb_blurb title=\u00a0\u00bbExpertise locale\u00a0\u00bb _builder_version=\u00a0\u00bb4.22.2&Prime; _module_preset=\u00a0\u00bbc5c00438-cb5e-4c3d-a4b3-c679c8eaf1c5&Prime; link_option_url=\u00a0\u00bb#\u00a0\u00bb global_colors_info=\u00a0\u00bb{}\u00a0\u00bb content__hover_enabled=\u00a0\u00bboff|desktop\u00a0\u00bb]La connaissance approfondie du climat de Saint-Tropez par notre \u00e9quipe constitue la pierre angulaire de nos services. Avec une connaissance approfondie des d\u00e9fis du climat m\u00e9diterran\u00e9en, nous sommes bien \u00e9quip\u00e9s pour fournir des solutions qui contrebalancent la chaleur, offrant des sanctuaires de fra\u00eecheur en \u00e9t\u00e9 et de chaleur en hiver.[\/et_pb_blurb][\/et_pb_column][et_pb_column type=\u00a0\u00bb1_2&Prime; _builder_version=\u00a0\u00bb4.22.1&Prime; _module_preset=\u00a0\u00bbdefault\u00a0\u00bb background_image=\u00a0\u00bbhttps:\/\/www.riviera-ac.com\/wp-content\/uploads\/2023\/09\/pexels-airam-datoon-16592625.jpg\u00a0\u00bb overflow-x=\u00a0\u00bbvisible\u00a0\u00bb overflow-y=\u00a0\u00bbvisible\u00a0\u00bb custom_padding=\u00a0\u00bb300px|40px|20px|20px|false|false\u00a0\u00bb border_radii=\u00a0\u00bbon|30px|30px|30px|30px\u00a0\u00bb global_colors_info=\u00a0\u00bb{}\u00a0\u00bb][et_pb_blurb title=\u00a0\u00bbSolutions sur mesure\u00a0\u00bb _builder_version=\u00a0\u00bb4.22.2&Prime; _module_preset=\u00a0\u00bbc5c00438-cb5e-4c3d-a4b3-c679c8eaf1c5&Prime; link_option_url=\u00a0\u00bb#\u00a0\u00bb global_colors_info=\u00a0\u00bb{}\u00a0\u00bb content__hover_enabled=\u00a0\u00bboff|desktop\u00a0\u00bb]Nous reconnaissons que chaque habitation \u00e0 Saint-Tropez poss\u00e8de ses propres attributs. Notre approche implique une \u00e9valuation m\u00e9ticuleuse de l&rsquo;agencement de votre espace et de vos pr\u00e9f\u00e9rences sp\u00e9cifiques, ce qui nous permet de concevoir des solutions CVC qui s&rsquo;alignent parfaitement sur votre style de vie et vos attentes en mati\u00e8re de performance.[\/et_pb_blurb][\/et_pb_column][\/et_pb_row][et_pb_row column_structure=\u00a0\u00bb1_2,1_2&Prime; make_equal=\u00a0\u00bbon\u00a0\u00bb _builder_version=\u00a0\u00bb4.22.1&Prime; _module_preset=\u00a0\u00bbdefault\u00a0\u00bb global_colors_info=\u00a0\u00bb{}\u00a0\u00bb][et_pb_column type=\u00a0\u00bb1_2&Prime; _builder_version=\u00a0\u00bb4.22.1&Prime; _module_preset=\u00a0\u00bbdefault\u00a0\u00bb background_image=\u00a0\u00bbhttps:\/\/www.riviera-ac.com\/wp-content\/uploads\/2023\/09\/how-types-of-air-conditioning-systems-work-1824734-hero-740003052ebb4bebb5dd9b42e441c118.jpeg\u00a0\u00bb overflow-x=\u00a0\u00bbvisible\u00a0\u00bb overflow-y=\u00a0\u00bbvisible\u00a0\u00bb custom_padding=\u00a0\u00bb300px|40px|20px|20px|false|false\u00a0\u00bb border_radii=\u00a0\u00bbon|30px|30px|30px|30px\u00a0\u00bb global_colors_info=\u00a0\u00bb{}\u00a0\u00bb][et_pb_blurb title=\u00a0\u00bbUne qualit\u00e9 sans compromis\u00a0\u00bb _builder_version=\u00a0\u00bb4.22.2&Prime; _module_preset=\u00a0\u00bbc5c00438-cb5e-4c3d-a4b3-c679c8eaf1c5&Prime; link_option_url=\u00a0\u00bb#\u00a0\u00bb global_colors_info=\u00a0\u00bb{}\u00a0\u00bb content__hover_enabled=\u00a0\u00bboff|desktop\u00a0\u00bb]Notre engagement en faveur de l&rsquo;excellence reste in\u00e9branlable. Gr\u00e2ce \u00e0 des alliances strat\u00e9giques avec des fabricants renomm\u00e9s de syst\u00e8mes de chauffage, de ventilation et de climatisation, nous fournissons des syst\u00e8mes de pointe qui garantissent la long\u00e9vit\u00e9 et un fonctionnement efficace, am\u00e9liorant ainsi votre confort et votre satisfaction au fil du temps.[\/et_pb_blurb][\/et_pb_column][et_pb_column type=\u00a0\u00bb1_2&Prime; _builder_version=\u00a0\u00bb4.22.1&Prime; _module_preset=\u00a0\u00bbdefault\u00a0\u00bb background_image=\u00a0\u00bbhttps:\/\/www.riviera-ac.com\/wp-content\/uploads\/2023\/09\/lower-your-electric-bill-1388743-01-243292d0829e4f15a0c25d7564ddd3fd.jpeg\u00a0\u00bb overflow-x=\u00a0\u00bbvisible\u00a0\u00bb overflow-y=\u00a0\u00bbvisible\u00a0\u00bb custom_padding=\u00a0\u00bb300px|40px|20px|20px|false|false\u00a0\u00bb border_radii=\u00a0\u00bbon|30px|30px|30px|30px\u00a0\u00bb global_colors_info=\u00a0\u00bb{}\u00a0\u00bb][et_pb_blurb title=\u00a0\u00bbEmbrasser le d\u00e9veloppement durable\u00a0\u00bb _builder_version=\u00a0\u00bb4.22.2&Prime; _module_preset=\u00a0\u00bbc5c00438-cb5e-4c3d-a4b3-c679c8eaf1c5&Prime; link_option_url=\u00a0\u00bb#\u00a0\u00bb global_colors_info=\u00a0\u00bb{}\u00a0\u00bb content__hover_enabled=\u00a0\u00bboff|desktop\u00a0\u00bb]Nous comprenons l&rsquo;importance d&rsquo;un mode de vie durable. Nos solutions de chauffage, de ventilation et de climatisation ne donnent pas seulement la priorit\u00e9 \u00e0 votre confort, mais mettent \u00e9galement l&rsquo;accent sur l&rsquo;efficacit\u00e9 \u00e9nerg\u00e9tique, contribuant ainsi \u00e0 r\u00e9duire votre empreinte \u00e9cologique et \u00e0 r\u00e9aliser des \u00e9conomies.[\/et_pb_blurb][\/et_pb_column][\/et_pb_row][\/et_pb_section][et_pb_section fb_built=\u00a0\u00bb1&Prime; admin_label=\u00a0\u00bbFeature\u00a0\u00bb _builder_version=\u00a0\u00bb4.22.1&Prime; _module_preset=\u00a0\u00bbdefault\u00a0\u00bb custom_padding=\u00a0\u00bb||||false|false\u00a0\u00bb collapsed=\u00a0\u00bbon\u00a0\u00bb global_colors_info=\u00a0\u00bb{}\u00a0\u00bb][et_pb_row _builder_version=\u00a0\u00bb4.22.1&Prime; _module_preset=\u00a0\u00bbdefault\u00a0\u00bb max_width=\u00a0\u00bb1280px\u00a0\u00bb custom_margin=\u00a0\u00bb||||false|false\u00a0\u00bb custom_padding=\u00a0\u00bb||20px||false|false\u00a0\u00bb locked=\u00a0\u00bboff\u00a0\u00bb global_colors_info=\u00a0\u00bb{}\u00a0\u00bb][et_pb_column type=\u00a0\u00bb4_4&Prime; _builder_version=\u00a0\u00bb4.21.0&Prime; _module_preset=\u00a0\u00bbdefault\u00a0\u00bb z_index=\u00a0\u00bb10&Prime; global_colors_info=\u00a0\u00bb{}\u00a0\u00bb][et_pb_text _builder_version=\u00a0\u00bb4.22.2&Prime; _module_preset=\u00a0\u00bbee2836d4-1cef-4cf9-b6db-69fb9b72d8ae\u00a0\u00bb header_2_font_size=\u00a0\u00bb35px\u00a0\u00bb custom_margin=\u00a0\u00bb||0px||false|false\u00a0\u00bb global_colors_info=\u00a0\u00bb{}\u00a0\u00bb]<\/p>\n<h2>Augmenter le confort \u00e0 Saint Tropez : Notre expertise en CVC<\/h2>\n<p>[\/et_pb_text][\/et_pb_column][\/et_pb_row][et_pb_row _builder_version=\u00a0\u00bb4.22.1&Prime; _module_preset=\u00a0\u00bbdefault\u00a0\u00bb max_width=\u00a0\u00bb1280px\u00a0\u00bb custom_padding=\u00a0\u00bb0px||||false|false\u00a0\u00bb locked=\u00a0\u00bboff\u00a0\u00bb global_colors_info=\u00a0\u00bb{}\u00a0\u00bb][et_pb_column type=\u00a0\u00bb4_4&Prime; _builder_version=\u00a0\u00bb4.21.0&Prime; _module_preset=\u00a0\u00bbdefault\u00a0\u00bb z_index=\u00a0\u00bb10&Prime; global_colors_info=\u00a0\u00bb{}\u00a0\u00bb][et_pb_text _builder_version=\u00a0\u00bb4.22.2&Prime; _module_preset=\u00a0\u00bbd9763b36-949c-4893-a675-5dc8d9d6b528&Prime; custom_margin=\u00a0\u00bb||10px||false|false\u00a0\u00bb global_colors_info=\u00a0\u00bb{}\u00a0\u00bb]Chez Riviera AC, nous reconnaissons l&rsquo;importance des solutions climatiques adapt\u00e9es \u00e0 Saint-Tropez. Nos services de chauffage, ventilation et climatisation sont con\u00e7us pour s&rsquo;adapter parfaitement aux exigences climatiques exceptionnelles de la ville, garantissant que les environnements int\u00e9rieurs restent confortables et accueillants tout au long des saisons.[\/et_pb_text][et_pb_button button_url=\u00a0\u00bbhttps:\/\/www.riviera-ac.com\/fr\/contactez-nous\/\u00a0\u00bb button_text=\u00a0\u00bbContactez nous\u00a0\u00bb button_alignment=\u00a0\u00bbleft\u00a0\u00bb _builder_version=\u00a0\u00bb4.22.2&Prime; _module_preset=\u00a0\u00bb43bedb11-c2bc-42e3-bd9f-7348092eb2a3&Prime; global_colors_info=\u00a0\u00bb{}\u00a0\u00bb][\/et_pb_button][\/et_pb_column][\/et_pb_row][\/et_pb_section][et_pb_section fb_built=\u00a0\u00bb1&Prime; admin_label=\u00a0\u00bbFooter Call to Action\u00a0\u00bb _builder_version=\u00a0\u00bb4.22.1&Prime; _module_preset=\u00a0\u00bbdefault\u00a0\u00bb background_enable_color=\u00a0\u00bboff\u00a0\u00bb use_background_color_gradient=\u00a0\u00bbon\u00a0\u00bb background_color_gradient_stops=\u00a0\u00bbrgba(14,14,14,0.7) 0%|rgba(14,14,14,0.3) 100%\u00a0\u00bb background_color_gradient_overlays_image=\u00a0\u00bbon\u00a0\u00bb background_image=\u00a0\u00bbhttps:\/\/www.riviera-ac.com\/wp-content\/uploads\/2023\/09\/BG-image.jpeg\u00a0\u00bb custom_padding=\u00a0\u00bb5vw||5vw||true|false\u00a0\u00bb saved_tabs=\u00a0\u00bball\u00a0\u00bb collapsed=\u00a0\u00bbon\u00a0\u00bb global_colors_info=\u00a0\u00bb{}\u00a0\u00bb][et_pb_row _builder_version=\u00a0\u00bb4.21.0&Prime; _module_preset=\u00a0\u00bbdefault\u00a0\u00bb global_colors_info=\u00a0\u00bb{}\u00a0\u00bb][et_pb_column type=\u00a0\u00bb4_4&Prime; _builder_version=\u00a0\u00bb4.21.0&Prime; _module_preset=\u00a0\u00bbdefault\u00a0\u00bb global_colors_info=\u00a0\u00bb{}\u00a0\u00bb][et_pb_text _builder_version=\u00a0\u00bb4.22.1&Prime; _module_preset=\u00a0\u00bbee2836d4-1cef-4cf9-b6db-69fb9b72d8ae\u00a0\u00bb header_2_text_color=\u00a0\u00bb#FFFFFF\u00a0\u00bb text_orientation=\u00a0\u00bbcenter\u00a0\u00bb custom_margin=\u00a0\u00bb||20px||false|false\u00a0\u00bb global_colors_info=\u00a0\u00bb{}\u00a0\u00bb]<\/p>\n<h2>Demander un devis ou programmer un service<\/h2>\n<p>[\/et_pb_text][et_pb_text _builder_version=\u00a0\u00bb4.22.2&Prime; _module_preset=\u00a0\u00bbd9763b36-949c-4893-a675-5dc8d9d6b528&Prime; text_text_color=\u00a0\u00bb#FFFFFF\u00a0\u00bb text_orientation=\u00a0\u00bbcenter\u00a0\u00bb custom_margin=\u00a0\u00bb||||false|false\u00a0\u00bb global_colors_info=\u00a0\u00bb{}\u00a0\u00bb]<\/p>\n<p>\u00cates-vous pr\u00eat \u00e0 am\u00e9liorer votre sanctuaire int\u00e9rieur \u00e0 Saint-Tropez ? Embarquez pour un voyage vers un confort in\u00e9gal\u00e9 en demandant un devis ou en programmant un service. Notre \u00e9quipe de professionnels est pr\u00eate \u00e0 vous guider tout au long du processus, \u00e0 r\u00e9pondre \u00e0 vos questions et \u00e0 vous garantir une exp\u00e9rience sans faille.<\/p>\n<p><em>Que vous soyez propri\u00e9taire d&rsquo;une maison, d&rsquo;une entreprise ou d&rsquo;un domaine de luxe \u00e0 Saint-Tropez, Riviera AC est votre partenaire fiable pour tous vos besoins en mati\u00e8re de chauffage, de ventilation et de climatisation. Contactez-nous d\u00e8s aujourd&rsquo;hui et d\u00e9couvrez un nouveau niveau de confort.<\/em><\/p>\n<p>[\/et_pb_text][et_pb_button button_url=\u00a0\u00bbhttps:\/\/www.riviera-ac.com\/fr\/contactez-nous\/\u00a0\u00bb button_text=\u00a0\u00bbConnectez-vous\u00a0\u00bb button_alignment=\u00a0\u00bbcenter\u00a0\u00bb _builder_version=\u00a0\u00bb4.22.1&Prime; _module_preset=\u00a0\u00bb43bedb11-c2bc-42e3-bd9f-7348092eb2a3&Prime; locked=\u00a0\u00bboff\u00a0\u00bb global_colors_info=\u00a0\u00bb{}\u00a0\u00bb][\/et_pb_button][\/et_pb_column][\/et_pb_row][\/et_pb_section]<\/p>\n","protected":false},"excerpt":{"rendered":"<p>Bienvenue \u00e0 Riviera AC : votre partenaire de confiance en mati\u00e8re de chauffage, ventilation et climatisation \u00e0 Saint TropezD\u00e9couvrez Saint Tropez : L\u00e0 o\u00f9 le luxe rencontre le confort climatique Nich\u00e9e sur les rivages \u00e9tincelants de la C\u00f4te d&rsquo;Azur, Saint-Tropez est un m\u00e9lange de glamour, de sophistication et de beaut\u00e9 naturelle. Le charme m\u00e9diterran\u00e9en de [&hellip;]<\/p>\n","protected":false},"author":1,"featured_media":0,"parent":462,"menu_order":0,"comment_status":"closed","ping_status":"closed","template":"","meta":{"_et_pb_use_builder":"on","_et_pb_old_content":"","_et_gb_content_width":"","footnotes":""},"class_list":["post-479","page","type-page","status-publish","hentry"],"yoast_head":"<!-- This site is optimized with the Yoast SEO plugin v27.5 - https:\/\/yoast.com\/product\/yoast-seo-wordpress\/ -->\n<title>Riviera AC : Entrepreneur HVAC \u00e0 Saint Tropez<\/title>\n<meta name=\"description\" content=\"Riviera AC \u00e0 Saint-Tropez : Votre entrepreneur HVAC pour l&#039;installation, la maintenance et la r\u00e9paration de votre climatisation.\" \/>\n<meta name=\"robots\" content=\"index, follow, max-snippet:-1, max-image-preview:large, max-video-preview:-1\" \/>\n<link rel=\"canonical\" href=\"https:\/\/www.riviera-ac.com\/fr\/entrepreneur-en-cvc\/entrepreneur-hvac-a-saint-tropez\/\" \/>\n<meta property=\"og:locale\" content=\"fr_FR\" \/>\n<meta property=\"og:type\" content=\"article\" \/>\n<meta property=\"og:title\" content=\"Riviera AC : Entrepreneur HVAC \u00e0 Saint Tropez\" \/>\n<meta property=\"og:description\" content=\"Riviera AC \u00e0 Saint-Tropez : Votre entrepreneur HVAC pour l&#039;installation, la maintenance et la r\u00e9paration de votre climatisation.\" \/>\n<meta property=\"og:url\" content=\"https:\/\/www.riviera-ac.com\/fr\/entrepreneur-en-cvc\/entrepreneur-hvac-a-saint-tropez\/\" \/>\n<meta property=\"og:site_name\" content=\"Riviera AC\" \/>\n<meta property=\"article:modified_time\" content=\"2023-11-29T02:26:51+00:00\" \/>\n<meta name=\"twitter:card\" content=\"summary_large_image\" \/>\n<meta name=\"twitter:label1\" content=\"Dur\u00e9e de lecture estim\u00e9e\" \/>\n\t<meta name=\"twitter:data1\" content=\"8 minutes\" \/>\n<script type=\"application\/ld+json\" class=\"yoast-schema-graph\">{\"@context\":\"https:\\\/\\\/schema.org\",\"@graph\":[{\"@type\":\"WebPage\",\"@id\":\"https:\\\/\\\/www.riviera-ac.com\\\/fr\\\/entrepreneur-en-cvc\\\/entrepreneur-hvac-a-saint-tropez\\\/\",\"url\":\"https:\\\/\\\/www.riviera-ac.com\\\/fr\\\/entrepreneur-en-cvc\\\/entrepreneur-hvac-a-saint-tropez\\\/\",\"name\":\"Riviera AC : Entrepreneur HVAC \u00e0 Saint Tropez\",\"isPartOf\":{\"@id\":\"https:\\\/\\\/www.riviera-ac.com\\\/fr\\\/#website\"},\"datePublished\":\"2023-09-28T01:23:02+00:00\",\"dateModified\":\"2023-11-29T02:26:51+00:00\",\"description\":\"Riviera AC \u00e0 Saint-Tropez : Votre entrepreneur HVAC pour l'installation, la maintenance et la r\u00e9paration de votre climatisation.\",\"breadcrumb\":{\"@id\":\"https:\\\/\\\/www.riviera-ac.com\\\/fr\\\/entrepreneur-en-cvc\\\/entrepreneur-hvac-a-saint-tropez\\\/#breadcrumb\"},\"inLanguage\":\"fr-FR\",\"potentialAction\":[{\"@type\":\"ReadAction\",\"target\":[\"https:\\\/\\\/www.riviera-ac.com\\\/fr\\\/entrepreneur-en-cvc\\\/entrepreneur-hvac-a-saint-tropez\\\/\"]}]},{\"@type\":\"BreadcrumbList\",\"@id\":\"https:\\\/\\\/www.riviera-ac.com\\\/fr\\\/entrepreneur-en-cvc\\\/entrepreneur-hvac-a-saint-tropez\\\/#breadcrumb\",\"itemListElement\":[{\"@type\":\"ListItem\",\"position\":1,\"name\":\"Home\",\"item\":\"https:\\\/\\\/www.riviera-ac.com\\\/fr\\\/\"},{\"@type\":\"ListItem\",\"position\":2,\"name\":\"Entrepreneur en CVC\",\"item\":\"https:\\\/\\\/www.riviera-ac.com\\\/fr\\\/hvac-contractor\\\/\"},{\"@type\":\"ListItem\",\"position\":3,\"name\":\"Entrepreneur HVAC \u00e0 Saint Tropez\"}]},{\"@type\":\"WebSite\",\"@id\":\"https:\\\/\\\/www.riviera-ac.com\\\/fr\\\/#website\",\"url\":\"https:\\\/\\\/www.riviera-ac.com\\\/fr\\\/\",\"name\":\"Riviera AC\",\"description\":\"Air Conditioners Experts - French Riviera\",\"potentialAction\":[{\"@type\":\"SearchAction\",\"target\":{\"@type\":\"EntryPoint\",\"urlTemplate\":\"https:\\\/\\\/www.riviera-ac.com\\\/fr\\\/?s={search_term_string}\"},\"query-input\":{\"@type\":\"PropertyValueSpecification\",\"valueRequired\":true,\"valueName\":\"search_term_string\"}}],\"inLanguage\":\"fr-FR\"}]}<\/script>\n<!-- \/ Yoast SEO plugin. -->","yoast_head_json":{"title":"Riviera AC : Entrepreneur HVAC \u00e0 Saint Tropez","description":"Riviera AC \u00e0 Saint-Tropez : Votre entrepreneur HVAC pour l'installation, la maintenance et la r\u00e9paration de votre climatisation.","robots":{"index":"index","follow":"follow","max-snippet":"max-snippet:-1","max-image-preview":"max-image-preview:large","max-video-preview":"max-video-preview:-1"},"canonical":"https:\/\/www.riviera-ac.com\/fr\/entrepreneur-en-cvc\/entrepreneur-hvac-a-saint-tropez\/","og_locale":"fr_FR","og_type":"article","og_title":"Riviera AC : Entrepreneur HVAC \u00e0 Saint Tropez","og_description":"Riviera AC \u00e0 Saint-Tropez : Votre entrepreneur HVAC pour l'installation, la maintenance et la r\u00e9paration de votre climatisation.","og_url":"https:\/\/www.riviera-ac.com\/fr\/entrepreneur-en-cvc\/entrepreneur-hvac-a-saint-tropez\/","og_site_name":"Riviera AC","article_modified_time":"2023-11-29T02:26:51+00:00","twitter_card":"summary_large_image","twitter_misc":{"Dur\u00e9e de lecture estim\u00e9e":"8 minutes"},"schema":{"@context":"https:\/\/schema.org","@graph":[{"@type":"WebPage","@id":"https:\/\/www.riviera-ac.com\/fr\/entrepreneur-en-cvc\/entrepreneur-hvac-a-saint-tropez\/","url":"https:\/\/www.riviera-ac.com\/fr\/entrepreneur-en-cvc\/entrepreneur-hvac-a-saint-tropez\/","name":"Riviera AC : Entrepreneur HVAC \u00e0 Saint Tropez","isPartOf":{"@id":"https:\/\/www.riviera-ac.com\/fr\/#website"},"datePublished":"2023-09-28T01:23:02+00:00","dateModified":"2023-11-29T02:26:51+00:00","description":"Riviera AC \u00e0 Saint-Tropez : Votre entrepreneur HVAC pour l'installation, la maintenance et la r\u00e9paration de votre climatisation.","breadcrumb":{"@id":"https:\/\/www.riviera-ac.com\/fr\/entrepreneur-en-cvc\/entrepreneur-hvac-a-saint-tropez\/#breadcrumb"},"inLanguage":"fr-FR","potentialAction":[{"@type":"ReadAction","target":["https:\/\/www.riviera-ac.com\/fr\/entrepreneur-en-cvc\/entrepreneur-hvac-a-saint-tropez\/"]}]},{"@type":"BreadcrumbList","@id":"https:\/\/www.riviera-ac.com\/fr\/entrepreneur-en-cvc\/entrepreneur-hvac-a-saint-tropez\/#breadcrumb","itemListElement":[{"@type":"ListItem","position":1,"name":"Home","item":"https:\/\/www.riviera-ac.com\/fr\/"},{"@type":"ListItem","position":2,"name":"Entrepreneur en CVC","item":"https:\/\/www.riviera-ac.com\/fr\/hvac-contractor\/"},{"@type":"ListItem","position":3,"name":"Entrepreneur HVAC \u00e0 Saint Tropez"}]},{"@type":"WebSite","@id":"https:\/\/www.riviera-ac.com\/fr\/#website","url":"https:\/\/www.riviera-ac.com\/fr\/","name":"Riviera AC","description":"Air Conditioners Experts - French Riviera","potentialAction":[{"@type":"SearchAction","target":{"@type":"EntryPoint","urlTemplate":"https:\/\/www.riviera-ac.com\/fr\/?s={search_term_string}"},"query-input":{"@type":"PropertyValueSpecification","valueRequired":true,"valueName":"search_term_string"}}],"inLanguage":"fr-FR"}]}},"_links":{"self":[{"href":"https:\/\/www.riviera-ac.com\/fr\/wp-json\/wp\/v2\/pages\/479","targetHints":{"allow":["GET"]}}],"collection":[{"href":"https:\/\/www.riviera-ac.com\/fr\/wp-json\/wp\/v2\/pages"}],"about":[{"href":"https:\/\/www.riviera-ac.com\/fr\/wp-json\/wp\/v2\/types\/page"}],"author":[{"embeddable":true,"href":"https:\/\/www.riviera-ac.com\/fr\/wp-json\/wp\/v2\/users\/1"}],"replies":[{"embeddable":true,"href":"https:\/\/www.riviera-ac.com\/fr\/wp-json\/wp\/v2\/comments?post=479"}],"version-history":[{"count":2,"href":"https:\/\/www.riviera-ac.com\/fr\/wp-json\/wp\/v2\/pages\/479\/revisions"}],"predecessor-version":[{"id":481,"href":"https:\/\/www.riviera-ac.com\/fr\/wp-json\/wp\/v2\/pages\/479\/revisions\/481"}],"up":[{"embeddable":true,"href":"https:\/\/www.riviera-ac.com\/fr\/wp-json\/wp\/v2\/pages\/462"}],"wp:attachment":[{"href":"https:\/\/www.riviera-ac.com\/fr\/wp-json\/wp\/v2\/media?parent=479"}],"curies":[{"name":"wp","href":"https:\/\/api.w.org\/{rel}","templated":true}]}}